{"id":225,"date":"2024-09-27T21:54:06","date_gmt":"2024-09-27T21:54:06","guid":{"rendered":"https:\/\/texstyle.ca\/privacy-policy\/"},"modified":"2024-09-30T15:48:35","modified_gmt":"2024-09-30T15:48:35","slug":"privacy-policy","status":"publish","type":"page","link":"https:\/\/texstyle.ca\/en\/privacy-policy\/","title":{"rendered":"Privacy policy"},"content":{"rendered":"\t\t<div data-elementor-type=\"wp-page\" data-elementor-id=\"225\" class=\"elementor elementor-225 elementor-182\" data-elementor-post-type=\"page\">\n\t\t\t\t<div class=\"elementor-element elementor-element-4c665bd e-flex e-con-boxed e-con e-parent\" data-id=\"4c665bd\" data-element_type=\"container\" data-e-type=\"container\">\n\t\t\t\t\t<div class=\"e-con-inner\">\n\t\t\t\t<div class=\"elementor-element elementor-element-12757b0 elementor-widget elementor-widget-text-editor\" data-id=\"12757b0\" data-element_type=\"widget\" data-e-type=\"widget\" data-widget_type=\"text-editor.default\">\n\t\t\t\t<div class=\"elementor-widget-container\">\n\t\t\t\t\t\t\t\t\t<p>Lorem ipsum dolor sit amet, consectetur adipiscing elit. Ut elit tellus, luctus nec ullamcorper mattis, pulvinar dapibus leo.<\/p>\t\t\t\t\t\t\t\t<\/div>\n\t\t\t\t<\/div>\n\t\t\t\t\t<\/div>\n\t\t\t\t<\/div>\n\t\t<div class=\"elementor-element elementor-element-18d63aa e-flex e-con-boxed e-con e-parent\" data-id=\"18d63aa\" data-element_type=\"container\" data-e-type=\"container\">\n\t\t\t\t\t<div class=\"e-con-inner\">\n\t\t\t\t<div class=\"elementor-element elementor-element-94c3981 elementor-widget elementor-widget-text-editor\" data-id=\"94c3981\" data-element_type=\"widget\" data-e-type=\"widget\" data-widget_type=\"text-editor.default\">\n\t\t\t\t<div class=\"elementor-widget-container\">\n\t\t\t\t\t\t\t\t\t<h1>Privacy policy<\/h1>\n<h4><strong>Introduction<\/strong><\/h4>\n<p>At <strong>Groupe Texstyle Canada Inc<\/strong>, protecting your personal information is our priority.<br \/>\nThis privacy policy describes how we collect, use and protect your data when you browse our website or fill out our contact form.<br \/>\nBy using our site, you are accepting the practices described in this policy.  <\/p>\n<h4><strong>Gathering information using analytical tools<\/strong><\/h4>\n<p>When you visit our website, we automatically collect certain information using tools such as <strong>Google Analytics<\/strong>, <strong>Microsoft Clarity<\/strong>, and <strong>Facebook Pixel<\/strong>.<br \/>\nThis information may include: <\/p>\n<ul>\n<li>Your IP address<\/li>\n<li>The pages you visit on our site<\/li>\n<li>Time spent on these pages<\/li>\n<li>The type of device you use<\/li>\n<li>Your browsing behavior<\/li>\n<\/ul>\n<p>This information is collected anonymously and enables us to improve the user experience on our site and optimize our services.<\/p>\n<h4><strong>Collection of personal information via the contact form<\/strong><\/h4>\n<p>We collect personal information only when you fill out our contact form.<br \/>\nThis information includes : <\/p>\n<ul>\n<li>Your name<\/li>\n<li>Your e-mail address<\/li>\n<li>Your telephone number<\/li>\n<li>The message you send us<\/li>\n<\/ul>\n<p>This data is used exclusively to respond to your requests and will not be shared with third parties without your consent, unless necessary to meet your needs.<\/p>\n<h4><strong>Use of cookies<\/strong><\/h4>\n<p>We use <strong>cookies<\/strong> to improve your browsing experience on our site and to gather analytical information.<br \/>\nCookies are small files stored on your device, which enable us to recognize you on subsequent visits.<br \/>\nYou can disable cookies in your browser settings, but this may affect certain site functionalities.  <\/p>\n<h4><strong>Tracking tools<\/strong><\/h4>\n<ul>\n<li>\n<p><strong>Google Analytics<\/strong>: We use this tool to understand user behavior on our site and optimize our services.<br \/>\nThe information is anonymous. <a target=\"_new\" rel=\"noopener\">See Google Analytics privacy policy<\/a>. <\/p>\n<\/li>\n<li>\n<p><strong>Microsoft Clarity<\/strong>: Used to track user interactions with our site and improve the user experience.<\/p>\n<\/li>\n<li>\n<p><strong>Facebook Pixel<\/strong>: Allows us to track the effectiveness of our Facebook advertising campaigns and deliver targeted ads to you. <a href=\"https:\/\/www.facebook.com\/policy.php\" target=\"_new\" rel=\"noopener\">See Facebook privacy policy<\/a>.<\/p>\n<\/li>\n<\/ul>\n<h4><strong>Sharing your information<\/strong><\/h4>\n<p>We do not sell or rent your personal information to third parties.<br \/>\nHowever, we may share your data with trusted service providers, solely as part of the operations necessary to manage our website and services. <\/p>\n<h4><strong>Your rights<\/strong><\/h4>\n<p>As a Quebec resident, you have the right to access, correct or request the deletion of your personal information.<br \/>\nTo exercise these rights, please contact us at the following address: info@texstyle.ca <\/p>\n<h4><strong>Security<\/strong><\/h4>\n<p>We take appropriate technical and organizational measures to protect your data from unauthorized access, modification or disclosure.<br \/>\nHowever, no data transmission over the Internet is completely secure, although we strive to protect your information to the best of our ability. <\/p>\n<h4><strong>Policy changes<\/strong><\/h4>\n<p>We reserve the right to change this privacy policy at any time.<br \/>\nAny changes will be posted on this page. <\/p>\n<h4><strong>Contact<\/strong><\/h4>\n<p>If you have any questions about this privacy policy or would like to exercise your rights, please contact us at: info@texstyle.ca<\/p>\n\t\t\t\t\t\t\t\t<\/div>\n\t\t\t\t<\/div>\n\t\t\t\t\t<\/div>\n\t\t\t\t<\/div>\n\t\t\t\t<\/div>\n\t\t","protected":false},"excerpt":{"rendered":"<p>Lorem ipsum dolor sit amet, consectetur adipiscing elit. Ut elit tellus, luctus nec ullamcorper mattis, pulvinar dapibus leo. Privacy policy Introduction At Groupe Texstyle Canada Inc, protecting your personal information is our priority. This privacy policy describes how we collect, use and protect your data when you browse our website or fill out our contact [&hellip;]<\/p>\n","protected":false},"author":1,"featured_media":0,"parent":0,"menu_order":0,"comment_status":"closed","ping_status":"closed","template":"","meta":{"footnotes":""},"class_list":["post-225","page","type-page","status-publish","hentry"],"yoast_head":"<!-- This site is optimized with the Yoast SEO plugin v24.9 - https:\/\/yoast.com\/wordpress\/plugins\/seo\/ -->\n<title>Privacy policy - Texstyle - Leader dans l\u2019industrie du v\u00eatement et du textile<\/title>\n<meta name=\"robots\" content=\"index, follow, max-snippet:-1, max-image-preview:large, max-video-preview:-1\" \/>\n<link rel=\"canonical\" href=\"https:\/\/texstyle.ca\/en\/privacy-policy\/\" \/>\n<meta property=\"og:locale\" content=\"en_US\" \/>\n<meta property=\"og:type\" content=\"article\" \/>\n<meta property=\"og:title\" content=\"Privacy policy - Texstyle - Leader dans l\u2019industrie du v\u00eatement et du textile\" \/>\n<meta property=\"og:description\" content=\"Lorem ipsum dolor sit amet, consectetur adipiscing elit. Ut elit tellus, luctus nec ullamcorper mattis, pulvinar dapibus leo. Privacy policy Introduction At Groupe Texstyle Canada Inc, protecting your personal information is our priority. This privacy policy describes how we collect, use and protect your data when you browse our website or fill out our contact [&hellip;]\" \/>\n<meta property=\"og:url\" content=\"https:\/\/texstyle.ca\/en\/privacy-policy\/\" \/>\n<meta property=\"og:site_name\" content=\"Texstyle - Leader dans l\u2019industrie du v\u00eatement et du textile\" \/>\n<meta property=\"article:modified_time\" content=\"2024-09-30T15:48:35+00:00\" \/>\n<meta name=\"twitter:card\" content=\"summary_large_image\" \/>\n<meta name=\"twitter:label1\" content=\"Est. reading time\" \/>\n\t<meta name=\"twitter:data1\" content=\"2 minutes\" \/>\n<script type=\"application\/ld+json\" class=\"yoast-schema-graph\">{\"@context\":\"https:\/\/schema.org\",\"@graph\":[{\"@type\":\"WebPage\",\"@id\":\"https:\/\/texstyle.ca\/en\/privacy-policy\/\",\"url\":\"https:\/\/texstyle.ca\/en\/privacy-policy\/\",\"name\":\"Privacy policy - Texstyle - Leader dans l\u2019industrie du v\u00eatement et du textile\",\"isPartOf\":{\"@id\":\"https:\/\/texstyle.ca\/en\/#website\"},\"datePublished\":\"2024-09-27T21:54:06+00:00\",\"dateModified\":\"2024-09-30T15:48:35+00:00\",\"breadcrumb\":{\"@id\":\"https:\/\/texstyle.ca\/en\/privacy-policy\/#breadcrumb\"},\"inLanguage\":\"en-US\",\"potentialAction\":[{\"@type\":\"ReadAction\",\"target\":[\"https:\/\/texstyle.ca\/en\/privacy-policy\/\"]}]},{\"@type\":\"BreadcrumbList\",\"@id\":\"https:\/\/texstyle.ca\/en\/privacy-policy\/#breadcrumb\",\"itemListElement\":[{\"@type\":\"ListItem\",\"position\":1,\"name\":\"Home\",\"item\":\"https:\/\/texstyle.ca\/en\/home\/\"},{\"@type\":\"ListItem\",\"position\":2,\"name\":\"Privacy policy\"}]},{\"@type\":\"WebSite\",\"@id\":\"https:\/\/texstyle.ca\/en\/#website\",\"url\":\"https:\/\/texstyle.ca\/en\/\",\"name\":\"Texstyle - Leader dans l\u2019industrie du v\u00eatement et du textile\",\"description\":\"Nous proposons des solutions sur mesure pour aider les d\u00e9taillants \u00e0 renforcer leur pr\u00e9sence sur les r\u00e9seaux sociaux, \u00e0 maximiser leur visibilit\u00e9 en ligne et \u00e0 propulser leurs ventes gr\u00e2ce \u00e0 des strat\u00e9gies innovantes. Nos services incluent la cr\u00e9ation de contenu visuel, les campagnes avec influenceurs, et la gestion de la promotion en magasin. Faites \u00e9quipe avec nous pour atteindre vos objectifs de croissance.\",\"publisher\":{\"@id\":\"https:\/\/texstyle.ca\/en\/#organization\"},\"potentialAction\":[{\"@type\":\"SearchAction\",\"target\":{\"@type\":\"EntryPoint\",\"urlTemplate\":\"https:\/\/texstyle.ca\/en\/?s={search_term_string}\"},\"query-input\":{\"@type\":\"PropertyValueSpecification\",\"valueRequired\":true,\"valueName\":\"search_term_string\"}}],\"inLanguage\":\"en-US\"},{\"@type\":\"Organization\",\"@id\":\"https:\/\/texstyle.ca\/en\/#organization\",\"name\":\"Texstyle - Leader dans l\u2019industrie du v\u00eatement et du textile\",\"url\":\"https:\/\/texstyle.ca\/en\/\",\"logo\":{\"@type\":\"ImageObject\",\"inLanguage\":\"en-US\",\"@id\":\"https:\/\/texstyle.ca\/en\/#\/schema\/logo\/image\/\",\"url\":\"https:\/\/texstyle.ca\/wp-content\/uploads\/2024\/09\/Texstyle-Logo-low-H.jpg\",\"contentUrl\":\"https:\/\/texstyle.ca\/wp-content\/uploads\/2024\/09\/Texstyle-Logo-low-H.jpg\",\"width\":1440,\"height\":1440,\"caption\":\"Texstyle - Leader dans l\u2019industrie du v\u00eatement et du textile\"},\"image\":{\"@id\":\"https:\/\/texstyle.ca\/en\/#\/schema\/logo\/image\/\"}}]}<\/script>\n<!-- \/ Yoast SEO plugin. -->","yoast_head_json":{"title":"Privacy policy - Texstyle - Leader dans l\u2019industrie du v\u00eatement et du textile","robots":{"index":"index","follow":"follow","max-snippet":"max-snippet:-1","max-image-preview":"max-image-preview:large","max-video-preview":"max-video-preview:-1"},"canonical":"https:\/\/texstyle.ca\/en\/privacy-policy\/","og_locale":"en_US","og_type":"article","og_title":"Privacy policy - Texstyle - Leader dans l\u2019industrie du v\u00eatement et du textile","og_description":"Lorem ipsum dolor sit amet, consectetur adipiscing elit. Ut elit tellus, luctus nec ullamcorper mattis, pulvinar dapibus leo. Privacy policy Introduction At Groupe Texstyle Canada Inc, protecting your personal information is our priority. This privacy policy describes how we collect, use and protect your data when you browse our website or fill out our contact [&hellip;]","og_url":"https:\/\/texstyle.ca\/en\/privacy-policy\/","og_site_name":"Texstyle - Leader dans l\u2019industrie du v\u00eatement et du textile","article_modified_time":"2024-09-30T15:48:35+00:00","twitter_card":"summary_large_image","twitter_misc":{"Est. reading time":"2 minutes"},"schema":{"@context":"https:\/\/schema.org","@graph":[{"@type":"WebPage","@id":"https:\/\/texstyle.ca\/en\/privacy-policy\/","url":"https:\/\/texstyle.ca\/en\/privacy-policy\/","name":"Privacy policy - Texstyle - Leader dans l\u2019industrie du v\u00eatement et du textile","isPartOf":{"@id":"https:\/\/texstyle.ca\/en\/#website"},"datePublished":"2024-09-27T21:54:06+00:00","dateModified":"2024-09-30T15:48:35+00:00","breadcrumb":{"@id":"https:\/\/texstyle.ca\/en\/privacy-policy\/#breadcrumb"},"inLanguage":"en-US","potentialAction":[{"@type":"ReadAction","target":["https:\/\/texstyle.ca\/en\/privacy-policy\/"]}]},{"@type":"BreadcrumbList","@id":"https:\/\/texstyle.ca\/en\/privacy-policy\/#breadcrumb","itemListElement":[{"@type":"ListItem","position":1,"name":"Home","item":"https:\/\/texstyle.ca\/en\/home\/"},{"@type":"ListItem","position":2,"name":"Privacy policy"}]},{"@type":"WebSite","@id":"https:\/\/texstyle.ca\/en\/#website","url":"https:\/\/texstyle.ca\/en\/","name":"Texstyle - Leader dans l\u2019industrie du v\u00eatement et du textile","description":"Nous proposons des solutions sur mesure pour aider les d\u00e9taillants \u00e0 renforcer leur pr\u00e9sence sur les r\u00e9seaux sociaux, \u00e0 maximiser leur visibilit\u00e9 en ligne et \u00e0 propulser leurs ventes gr\u00e2ce \u00e0 des strat\u00e9gies innovantes. Nos services incluent la cr\u00e9ation de contenu visuel, les campagnes avec influenceurs, et la gestion de la promotion en magasin. Faites \u00e9quipe avec nous pour atteindre vos objectifs de croissance.","publisher":{"@id":"https:\/\/texstyle.ca\/en\/#organization"},"potentialAction":[{"@type":"SearchAction","target":{"@type":"EntryPoint","urlTemplate":"https:\/\/texstyle.ca\/en\/?s={search_term_string}"},"query-input":{"@type":"PropertyValueSpecification","valueRequired":true,"valueName":"search_term_string"}}],"inLanguage":"en-US"},{"@type":"Organization","@id":"https:\/\/texstyle.ca\/en\/#organization","name":"Texstyle - Leader dans l\u2019industrie du v\u00eatement et du textile","url":"https:\/\/texstyle.ca\/en\/","logo":{"@type":"ImageObject","inLanguage":"en-US","@id":"https:\/\/texstyle.ca\/en\/#\/schema\/logo\/image\/","url":"https:\/\/texstyle.ca\/wp-content\/uploads\/2024\/09\/Texstyle-Logo-low-H.jpg","contentUrl":"https:\/\/texstyle.ca\/wp-content\/uploads\/2024\/09\/Texstyle-Logo-low-H.jpg","width":1440,"height":1440,"caption":"Texstyle - Leader dans l\u2019industrie du v\u00eatement et du textile"},"image":{"@id":"https:\/\/texstyle.ca\/en\/#\/schema\/logo\/image\/"}}]}},"_links":{"self":[{"href":"https:\/\/texstyle.ca\/en\/wp-json\/wp\/v2\/pages\/225"}],"collection":[{"href":"https:\/\/texstyle.ca\/en\/wp-json\/wp\/v2\/pages"}],"about":[{"href":"https:\/\/texstyle.ca\/en\/wp-json\/wp\/v2\/types\/page"}],"author":[{"embeddable":true,"href":"https:\/\/texstyle.ca\/en\/wp-json\/wp\/v2\/users\/1"}],"replies":[{"embeddable":true,"href":"https:\/\/texstyle.ca\/en\/wp-json\/wp\/v2\/comments?post=225"}],"version-history":[{"count":2,"href":"https:\/\/texstyle.ca\/en\/wp-json\/wp\/v2\/pages\/225\/revisions"}],"predecessor-version":[{"id":228,"href":"https:\/\/texstyle.ca\/en\/wp-json\/wp\/v2\/pages\/225\/revisions\/228"}],"wp:attachment":[{"href":"https:\/\/texstyle.ca\/en\/wp-json\/wp\/v2\/media?parent=225"}],"curies":[{"name":"wp","href":"https:\/\/api.w.org\/{rel}","templated":true}]}}