{"id":220,"date":"2024-09-27T21:00:56","date_gmt":"2024-09-27T21:00:56","guid":{"rendered":"https:\/\/texstyle.ca\/contact-us\/"},"modified":"2024-09-30T15:48:34","modified_gmt":"2024-09-30T15:48:34","slug":"contact-us","status":"publish","type":"page","link":"https:\/\/texstyle.ca\/en\/contact-us\/","title":{"rendered":"Contact us"},"content":{"rendered":"\t\t<div data-elementor-type=\"wp-page\" data-elementor-id=\"220\" class=\"elementor elementor-220 elementor-149\" data-elementor-post-type=\"page\">\n\t\t\t\t<div class=\"elementor-element elementor-element-2d0e6cad e-con-full e-flex e-con e-parent\" data-id=\"2d0e6cad\" data-element_type=\"container\" data-e-type=\"container\" data-settings=\"{&quot;background_background&quot;:&quot;classic&quot;}\">\n\t\t<div class=\"elementor-element elementor-element-665b5153 e-con-full e-flex e-con e-child\" data-id=\"665b5153\" data-element_type=\"container\" data-e-type=\"container\">\n\t\t\t\t<div class=\"elementor-element elementor-element-49a00571 elementor-widget-tablet__width-inherit elementor-widget elementor-widget-heading\" data-id=\"49a00571\" data-element_type=\"widget\" data-e-type=\"widget\" data-widget_type=\"heading.default\">\n\t\t\t\t<div class=\"elementor-widget-container\">\n\t\t\t\t\t<h2 class=\"elementor-heading-title elementor-size-default\">Working together<\/h2>\t\t\t\t<\/div>\n\t\t\t\t<\/div>\n\t\t\t\t<div class=\"elementor-element elementor-element-5d92e8d9 elementor-widget elementor-widget-heading\" data-id=\"5d92e8d9\" data-element_type=\"widget\" data-e-type=\"widget\" data-widget_type=\"heading.default\">\n\t\t\t\t<div class=\"elementor-widget-container\">\n\t\t\t\t\t<h3 class=\"elementor-heading-title elementor-size-default\">Contact us today for a free consultation.<\/h3>\t\t\t\t<\/div>\n\t\t\t\t<\/div>\n\t\t\t\t<\/div>\n\t\t<div class=\"elementor-element elementor-element-3c54fbaf e-con-full e-flex e-con e-child\" data-id=\"3c54fbaf\" data-element_type=\"container\" data-e-type=\"container\">\n\t\t\t\t<div class=\"elementor-element elementor-element-1364c1f5 elementor-button-align-start elementor-mobile-button-align-center elementor-widget elementor-widget-form\" data-id=\"1364c1f5\" data-element_type=\"widget\" data-e-type=\"widget\" data-settings=\"{&quot;step_next_label&quot;:&quot;Next&quot;,&quot;step_previous_label&quot;:&quot;Previous&quot;,&quot;button_width&quot;:&quot;100&quot;,&quot;step_type&quot;:&quot;number_text&quot;,&quot;step_icon_shape&quot;:&quot;circle&quot;}\" data-widget_type=\"form.default\">\n\t\t\t\t<div class=\"elementor-widget-container\">\n\t\t\t\t\t\t\t<form class=\"elementor-form\" method=\"post\" name=\"Contact form\">\n\t\t\t<input type=\"hidden\" name=\"post_id\" value=\"220\"\/>\n\t\t\t<input type=\"hidden\" name=\"form_id\" value=\"1364c1f5\"\/>\n\t\t\t<input type=\"hidden\" name=\"referer_title\" value=\"Contact us - Texstyle - Leader dans l\u2019industrie du v\u00eatement et du textile\" \/>\n\n\t\t\t\t\t\t\t<input type=\"hidden\" name=\"queried_id\" value=\"220\"\/>\n\t\t\t\n\t\t\t<div class=\"elementor-form-fields-wrapper elementor-labels-\">\n\t\t\t\t\t\t\t\t<div class=\"elementor-field-type-text elementor-field-group elementor-column elementor-field-group-name elementor-col-50\">\n\t\t\t\t\t\t\t\t\t\t\t\t<label for=\"form-field-name\" class=\"elementor-field-label elementor-screen-only\">\n\t\t\t\t\t\t\t\tFirst name\t\t\t\t\t\t\t<\/label>\n\t\t\t\t\t\t\t\t\t\t\t\t\t\t<input size=\"1\" type=\"text\" name=\"form_fields[name]\" id=\"form-field-name\" class=\"elementor-field elementor-size-sm  elementor-field-textual\" placeholder=\"First name\">\n\t\t\t\t\t\t\t\t\t\t\t<\/div>\n\t\t\t\t\t\t\t\t<div class=\"elementor-field-type-text elementor-field-group elementor-column elementor-field-group-field_5e63ec7 elementor-col-50\">\n\t\t\t\t\t\t\t\t\t\t\t\t<label for=\"form-field-field_5e63ec7\" class=\"elementor-field-label elementor-screen-only\">\n\t\t\t\t\t\t\t\tName\t\t\t\t\t\t\t<\/label>\n\t\t\t\t\t\t\t\t\t\t\t\t\t\t<input size=\"1\" type=\"text\" name=\"form_fields[field_5e63ec7]\" id=\"form-field-field_5e63ec7\" class=\"elementor-field elementor-size-sm  elementor-field-textual\" placeholder=\"Name\">\n\t\t\t\t\t\t\t\t\t\t\t<\/div>\n\t\t\t\t\t\t\t\t<div class=\"elementor-field-type-tel elementor-field-group elementor-column elementor-field-group-field_f5f1e1b elementor-col-50\">\n\t\t\t\t\t\t\t\t\t\t\t\t<label for=\"form-field-field_f5f1e1b\" class=\"elementor-field-label elementor-screen-only\">\n\t\t\t\t\t\t\t\tPhone\t\t\t\t\t\t\t<\/label>\n\t\t\t\t\t\t\t\t<input size=\"1\" type=\"tel\" name=\"form_fields[field_f5f1e1b]\" id=\"form-field-field_f5f1e1b\" class=\"elementor-field elementor-size-sm  elementor-field-textual\" placeholder=\"Phone number\" pattern=\"[0-9()#&amp;+*-=.]+\" title=\"Only numbers and phone characters (#, -, *, etc) are accepted.\">\n\n\t\t\t\t\t\t<\/div>\n\t\t\t\t\t\t\t\t<div class=\"elementor-field-type-email elementor-field-group elementor-column elementor-field-group-email elementor-col-50 elementor-field-required\">\n\t\t\t\t\t\t\t\t\t\t\t\t<label for=\"form-field-email\" class=\"elementor-field-label elementor-screen-only\">\n\t\t\t\t\t\t\t\tEmail\t\t\t\t\t\t\t<\/label>\n\t\t\t\t\t\t\t\t\t\t\t\t\t\t<input size=\"1\" type=\"email\" name=\"form_fields[email]\" id=\"form-field-email\" class=\"elementor-field elementor-size-sm  elementor-field-textual\" placeholder=\"Email* to\" required=\"required\">\n\t\t\t\t\t\t\t\t\t\t\t<\/div>\n\t\t\t\t\t\t\t\t<div class=\"elementor-field-type-textarea elementor-field-group elementor-column elementor-field-group-message elementor-col-100\">\n\t\t\t\t\t\t\t\t\t\t\t\t<label for=\"form-field-message\" class=\"elementor-field-label elementor-screen-only\">\n\t\t\t\t\t\t\t\tMessage\t\t\t\t\t\t\t<\/label>\n\t\t\t\t\t\t<textarea class=\"elementor-field-textual elementor-field  elementor-size-sm\" name=\"form_fields[message]\" id=\"form-field-message\" rows=\"4\" placeholder=\"Tell us how we can help you.\"><\/textarea>\t\t\t\t<\/div>\n\t\t\t\t\t\t\t\t<div class=\"elementor-field-group elementor-column elementor-field-type-submit elementor-col-100 e-form__buttons\">\n\t\t\t\t\t<button class=\"elementor-button elementor-size-md elementor-animation-grow\" type=\"submit\">\n\t\t\t\t\t\t<span class=\"elementor-button-content-wrapper\">\n\t\t\t\t\t\t\t\t\t\t\t\t\t\t\t\t\t\t\t\t\t\t<span class=\"elementor-button-text\">Submit<\/span>\n\t\t\t\t\t\t\t\t\t\t\t\t\t<\/span>\n\t\t\t\t\t<\/button>\n\t\t\t\t<\/div>\n\t\t\t<\/div>\n\t\t<\/form>\n\t\t\t\t\t\t<\/div>\n\t\t\t\t<\/div>\n\t\t\t\t<\/div>\n\t\t\t\t<\/div>\n\t\t\t\t<\/div>\n\t\t","protected":false},"excerpt":{"rendered":"<p>Contact Texstyle Group Canada Inc.<br \/>\nto find out more about our specialized marketing and sales services for the textile industry.<br \/>\nWhether you&#8217;re looking to strengthen your online presence, organize influencer campaigns, or improve in-store sales, our team is here to help.<br \/>\nFill in the form for a free consultation or to discuss your projects with our experts.   <\/p>\n","protected":false},"author":1,"featured_media":0,"parent":0,"menu_order":0,"comment_status":"closed","ping_status":"closed","template":"","meta":{"footnotes":""},"class_list":["post-220","page","type-page","status-publish","hentry"],"yoast_head":"<!-- This site is optimized with the Yoast SEO plugin v24.9 - https:\/\/yoast.com\/wordpress\/plugins\/seo\/ -->\n<title>Contact us - Texstyle - Leader dans l\u2019industrie du v\u00eatement et du textile<\/title>\n<meta name=\"robots\" content=\"index, follow, max-snippet:-1, max-image-preview:large, max-video-preview:-1\" \/>\n<link rel=\"canonical\" href=\"https:\/\/texstyle.ca\/en\/contact-us\/\" \/>\n<meta property=\"og:locale\" content=\"en_US\" \/>\n<meta property=\"og:type\" content=\"article\" \/>\n<meta property=\"og:title\" content=\"Contact us - Texstyle - Leader dans l\u2019industrie du v\u00eatement et du textile\" \/>\n<meta property=\"og:description\" content=\"Contact Texstyle Group Canada Inc. to find out more about our specialized marketing and sales services for the textile industry. Whether you&#039;re looking to strengthen your online presence, organize influencer campaigns, or improve in-store sales, our team is here to help. Fill in the form for a free consultation or to discuss your projects with our experts.\" \/>\n<meta property=\"og:url\" content=\"https:\/\/texstyle.ca\/en\/contact-us\/\" \/>\n<meta property=\"og:site_name\" content=\"Texstyle - Leader dans l\u2019industrie du v\u00eatement et du textile\" \/>\n<meta property=\"article:modified_time\" content=\"2024-09-30T15:48:34+00:00\" \/>\n<meta name=\"twitter:card\" content=\"summary_large_image\" \/>\n<script type=\"application\/ld+json\" class=\"yoast-schema-graph\">{\"@context\":\"https:\/\/schema.org\",\"@graph\":[{\"@type\":\"WebPage\",\"@id\":\"https:\/\/texstyle.ca\/en\/contact-us\/\",\"url\":\"https:\/\/texstyle.ca\/en\/contact-us\/\",\"name\":\"Contact us - Texstyle - Leader dans l\u2019industrie du v\u00eatement et du textile\",\"isPartOf\":{\"@id\":\"https:\/\/texstyle.ca\/en\/#website\"},\"datePublished\":\"2024-09-27T21:00:56+00:00\",\"dateModified\":\"2024-09-30T15:48:34+00:00\",\"breadcrumb\":{\"@id\":\"https:\/\/texstyle.ca\/en\/contact-us\/#breadcrumb\"},\"inLanguage\":\"en-US\",\"potentialAction\":[{\"@type\":\"ReadAction\",\"target\":[\"https:\/\/texstyle.ca\/en\/contact-us\/\"]}]},{\"@type\":\"BreadcrumbList\",\"@id\":\"https:\/\/texstyle.ca\/en\/contact-us\/#breadcrumb\",\"itemListElement\":[{\"@type\":\"ListItem\",\"position\":1,\"name\":\"Home\",\"item\":\"https:\/\/texstyle.ca\/en\/home\/\"},{\"@type\":\"ListItem\",\"position\":2,\"name\":\"Contact us\"}]},{\"@type\":\"WebSite\",\"@id\":\"https:\/\/texstyle.ca\/en\/#website\",\"url\":\"https:\/\/texstyle.ca\/en\/\",\"name\":\"Texstyle - Leader dans l\u2019industrie du v\u00eatement et du textile\",\"description\":\"Nous proposons des solutions sur mesure pour aider les d\u00e9taillants \u00e0 renforcer leur pr\u00e9sence sur les r\u00e9seaux sociaux, \u00e0 maximiser leur visibilit\u00e9 en ligne et \u00e0 propulser leurs ventes gr\u00e2ce \u00e0 des strat\u00e9gies innovantes. Nos services incluent la cr\u00e9ation de contenu visuel, les campagnes avec influenceurs, et la gestion de la promotion en magasin. Faites \u00e9quipe avec nous pour atteindre vos objectifs de croissance.\",\"publisher\":{\"@id\":\"https:\/\/texstyle.ca\/en\/#organization\"},\"potentialAction\":[{\"@type\":\"SearchAction\",\"target\":{\"@type\":\"EntryPoint\",\"urlTemplate\":\"https:\/\/texstyle.ca\/en\/?s={search_term_string}\"},\"query-input\":{\"@type\":\"PropertyValueSpecification\",\"valueRequired\":true,\"valueName\":\"search_term_string\"}}],\"inLanguage\":\"en-US\"},{\"@type\":\"Organization\",\"@id\":\"https:\/\/texstyle.ca\/en\/#organization\",\"name\":\"Texstyle - Leader dans l\u2019industrie du v\u00eatement et du textile\",\"url\":\"https:\/\/texstyle.ca\/en\/\",\"logo\":{\"@type\":\"ImageObject\",\"inLanguage\":\"en-US\",\"@id\":\"https:\/\/texstyle.ca\/en\/#\/schema\/logo\/image\/\",\"url\":\"https:\/\/texstyle.ca\/wp-content\/uploads\/2024\/09\/Texstyle-Logo-low-H.jpg\",\"contentUrl\":\"https:\/\/texstyle.ca\/wp-content\/uploads\/2024\/09\/Texstyle-Logo-low-H.jpg\",\"width\":1440,\"height\":1440,\"caption\":\"Texstyle - Leader dans l\u2019industrie du v\u00eatement et du textile\"},\"image\":{\"@id\":\"https:\/\/texstyle.ca\/en\/#\/schema\/logo\/image\/\"}}]}<\/script>\n<!-- \/ Yoast SEO plugin. -->","yoast_head_json":{"title":"Contact us - Texstyle - Leader dans l\u2019industrie du v\u00eatement et du textile","robots":{"index":"index","follow":"follow","max-snippet":"max-snippet:-1","max-image-preview":"max-image-preview:large","max-video-preview":"max-video-preview:-1"},"canonical":"https:\/\/texstyle.ca\/en\/contact-us\/","og_locale":"en_US","og_type":"article","og_title":"Contact us - Texstyle - Leader dans l\u2019industrie du v\u00eatement et du textile","og_description":"Contact Texstyle Group Canada Inc. to find out more about our specialized marketing and sales services for the textile industry. Whether you're looking to strengthen your online presence, organize influencer campaigns, or improve in-store sales, our team is here to help. Fill in the form for a free consultation or to discuss your projects with our experts.","og_url":"https:\/\/texstyle.ca\/en\/contact-us\/","og_site_name":"Texstyle - Leader dans l\u2019industrie du v\u00eatement et du textile","article_modified_time":"2024-09-30T15:48:34+00:00","twitter_card":"summary_large_image","schema":{"@context":"https:\/\/schema.org","@graph":[{"@type":"WebPage","@id":"https:\/\/texstyle.ca\/en\/contact-us\/","url":"https:\/\/texstyle.ca\/en\/contact-us\/","name":"Contact us - Texstyle - Leader dans l\u2019industrie du v\u00eatement et du textile","isPartOf":{"@id":"https:\/\/texstyle.ca\/en\/#website"},"datePublished":"2024-09-27T21:00:56+00:00","dateModified":"2024-09-30T15:48:34+00:00","breadcrumb":{"@id":"https:\/\/texstyle.ca\/en\/contact-us\/#breadcrumb"},"inLanguage":"en-US","potentialAction":[{"@type":"ReadAction","target":["https:\/\/texstyle.ca\/en\/contact-us\/"]}]},{"@type":"BreadcrumbList","@id":"https:\/\/texstyle.ca\/en\/contact-us\/#breadcrumb","itemListElement":[{"@type":"ListItem","position":1,"name":"Home","item":"https:\/\/texstyle.ca\/en\/home\/"},{"@type":"ListItem","position":2,"name":"Contact us"}]},{"@type":"WebSite","@id":"https:\/\/texstyle.ca\/en\/#website","url":"https:\/\/texstyle.ca\/en\/","name":"Texstyle - Leader dans l\u2019industrie du v\u00eatement et du textile","description":"Nous proposons des solutions sur mesure pour aider les d\u00e9taillants \u00e0 renforcer leur pr\u00e9sence sur les r\u00e9seaux sociaux, \u00e0 maximiser leur visibilit\u00e9 en ligne et \u00e0 propulser leurs ventes gr\u00e2ce \u00e0 des strat\u00e9gies innovantes. Nos services incluent la cr\u00e9ation de contenu visuel, les campagnes avec influenceurs, et la gestion de la promotion en magasin. Faites \u00e9quipe avec nous pour atteindre vos objectifs de croissance.","publisher":{"@id":"https:\/\/texstyle.ca\/en\/#organization"},"potentialAction":[{"@type":"SearchAction","target":{"@type":"EntryPoint","urlTemplate":"https:\/\/texstyle.ca\/en\/?s={search_term_string}"},"query-input":{"@type":"PropertyValueSpecification","valueRequired":true,"valueName":"search_term_string"}}],"inLanguage":"en-US"},{"@type":"Organization","@id":"https:\/\/texstyle.ca\/en\/#organization","name":"Texstyle - Leader dans l\u2019industrie du v\u00eatement et du textile","url":"https:\/\/texstyle.ca\/en\/","logo":{"@type":"ImageObject","inLanguage":"en-US","@id":"https:\/\/texstyle.ca\/en\/#\/schema\/logo\/image\/","url":"https:\/\/texstyle.ca\/wp-content\/uploads\/2024\/09\/Texstyle-Logo-low-H.jpg","contentUrl":"https:\/\/texstyle.ca\/wp-content\/uploads\/2024\/09\/Texstyle-Logo-low-H.jpg","width":1440,"height":1440,"caption":"Texstyle - Leader dans l\u2019industrie du v\u00eatement et du textile"},"image":{"@id":"https:\/\/texstyle.ca\/en\/#\/schema\/logo\/image\/"}}]}},"_links":{"self":[{"href":"https:\/\/texstyle.ca\/en\/wp-json\/wp\/v2\/pages\/220"}],"collection":[{"href":"https:\/\/texstyle.ca\/en\/wp-json\/wp\/v2\/pages"}],"about":[{"href":"https:\/\/texstyle.ca\/en\/wp-json\/wp\/v2\/types\/page"}],"author":[{"embeddable":true,"href":"https:\/\/texstyle.ca\/en\/wp-json\/wp\/v2\/users\/1"}],"replies":[{"embeddable":true,"href":"https:\/\/texstyle.ca\/en\/wp-json\/wp\/v2\/comments?post=220"}],"version-history":[{"count":2,"href":"https:\/\/texstyle.ca\/en\/wp-json\/wp\/v2\/pages\/220\/revisions"}],"predecessor-version":[{"id":227,"href":"https:\/\/texstyle.ca\/en\/wp-json\/wp\/v2\/pages\/220\/revisions\/227"}],"wp:attachment":[{"href":"https:\/\/texstyle.ca\/en\/wp-json\/wp\/v2\/media?parent=220"}],"curies":[{"name":"wp","href":"https:\/\/api.w.org\/{rel}","templated":true}]}}