{"id":215,"date":"2024-09-27T20:48:38","date_gmt":"2024-09-27T20:48:38","guid":{"rendered":"https:\/\/texstyle.ca\/our-achievements\/"},"modified":"2024-09-30T15:48:33","modified_gmt":"2024-09-30T15:48:33","slug":"our-achievements","status":"publish","type":"page","link":"https:\/\/texstyle.ca\/en\/our-achievements\/","title":{"rendered":"Our achievements"},"content":{"rendered":"\t\t<div data-elementor-type=\"wp-page\" data-elementor-id=\"215\" class=\"elementor elementor-215 elementor-137\" data-elementor-post-type=\"page\">\n\t\t\t\t<div class=\"elementor-element elementor-element-11351185 e-con-full e-flex e-con e-parent\" data-id=\"11351185\" data-element_type=\"container\" data-e-type=\"container\" data-settings=\"{&quot;background_background&quot;:&quot;classic&quot;}\">\n\t\t\t\t<div class=\"elementor-element elementor-element-3fb1f91b elementor-widget elementor-widget-heading\" data-id=\"3fb1f91b\" data-element_type=\"widget\" data-e-type=\"widget\" data-widget_type=\"heading.default\">\n\t\t\t\t<div class=\"elementor-widget-container\">\n\t\t\t\t\t<h2 class=\"elementor-heading-title elementor-size-default\">Our achievements<\/h2>\t\t\t\t<\/div>\n\t\t\t\t<\/div>\n\t\t\t\t<div class=\"elementor-element elementor-element-317ca3a1 elementor-widget__width-initial elementor-widget-mobile__width-inherit elementor-widget elementor-widget-text-editor\" data-id=\"317ca3a1\" data-element_type=\"widget\" data-e-type=\"widget\" data-widget_type=\"text-editor.default\">\n\t\t\t\t<div class=\"elementor-widget-container\">\n\t\t\t\t\t\t\t\t\t<p>We&#8217;re proud of the concrete results we&#8217;ve achieved for our customers<\/p>\n\t\t\t\t\t\t\t\t<\/div>\n\t\t\t\t<\/div>\n\t\t\t\t<\/div>\n\t\t<div class=\"elementor-element elementor-element-2db9010 e-grid e-con-full e-con e-parent\" data-id=\"2db9010\" data-element_type=\"container\" data-e-type=\"container\">\n\t\t<div class=\"elementor-element elementor-element-0fcffc4 e-grid e-con-full e-con e-child\" data-id=\"0fcffc4\" data-element_type=\"container\" data-e-type=\"container\">\n\t\t\t\t<div class=\"elementor-element elementor-element-3a63751 elementor-widget elementor-widget-video\" data-id=\"3a63751\" data-element_type=\"widget\" data-e-type=\"widget\" data-settings=\"{&quot;youtube_url&quot;:&quot;https:\\\/\\\/www.youtube.com\\\/watch?v=s8Km7GOYHho&quot;,&quot;video_type&quot;:&quot;youtube&quot;,&quot;controls&quot;:&quot;yes&quot;}\" data-widget_type=\"video.default\">\n\t\t\t\t<div class=\"elementor-widget-container\">\n\t\t\t\t\t\t\t<div class=\"elementor-wrapper elementor-open-inline\">\n\t\t\t<div class=\"elementor-video\"><\/div>\t\t<\/div>\n\t\t\t\t\t\t<\/div>\n\t\t\t\t<\/div>\n\t\t\t\t<div class=\"elementor-element elementor-element-e7375da elementor-widget elementor-widget-video\" data-id=\"e7375da\" data-element_type=\"widget\" data-e-type=\"widget\" data-settings=\"{&quot;youtube_url&quot;:&quot;https:\\\/\\\/www.youtube.com\\\/watch?v=8tGqjzgV6_c&quot;,&quot;video_type&quot;:&quot;youtube&quot;,&quot;controls&quot;:&quot;yes&quot;}\" data-widget_type=\"video.default\">\n\t\t\t\t<div class=\"elementor-widget-container\">\n\t\t\t\t\t\t\t<div class=\"elementor-wrapper elementor-open-inline\">\n\t\t\t<div class=\"elementor-video\"><\/div>\t\t<\/div>\n\t\t\t\t\t\t<\/div>\n\t\t\t\t<\/div>\n\t\t\t\t<\/div>\n\t\t\t\t<div class=\"elementor-element elementor-element-a4b3c6f elementor-widget elementor-widget-html\" data-id=\"a4b3c6f\" data-element_type=\"widget\" data-e-type=\"widget\" data-widget_type=\"html.default\">\n\t\t\t\t<div class=\"elementor-widget-container\">\n\t\t\t\t\t<iframe width=\"496\" height=\"881\" src=\"https:\/\/www.youtube.com\/embed\/FGALapzZkSE\" title=\"Do you know two @FarfJungleMusic songs??? #texstyle #quiz #voxpop #viral\" frameborder=\"0\" allow=\"accelerometer; autoplay; clipboard-write; encrypted-media; gyroscope; picture-in-picture; web-share\" referrerpolicy=\"strict-origin-when-cross-origin\" allowfullscreen=\"\"><\/iframe>\t\t\t\t<\/div>\n\t\t\t\t<\/div>\n\t\t\t\t<\/div>\n\t\t\t\t<\/div>\n\t\t","protected":false},"excerpt":{"rendered":"<p>Discover how Groupe Texstyle Canada Inc.<br \/>\nhelped fashion and textile retailers achieve their goals through customized marketing strategies.<br \/>\nWe&#8217;re proud of the concrete results we&#8217;ve achieved for our customers, who have seen their brand awareness and sales increase thanks to our services.  <\/p>\n","protected":false},"author":1,"featured_media":0,"parent":0,"menu_order":0,"comment_status":"closed","ping_status":"closed","template":"","meta":{"footnotes":""},"class_list":["post-215","page","type-page","status-publish","hentry"],"yoast_head":"<!-- This site is optimized with the Yoast SEO plugin v24.9 - https:\/\/yoast.com\/wordpress\/plugins\/seo\/ -->\n<title>Our achievements - Texstyle - Leader dans l\u2019industrie du v\u00eatement et du textile<\/title>\n<meta name=\"robots\" content=\"index, follow, max-snippet:-1, max-image-preview:large, max-video-preview:-1\" \/>\n<link rel=\"canonical\" href=\"https:\/\/texstyle.ca\/en\/our-achievements\/\" \/>\n<meta property=\"og:locale\" content=\"en_US\" \/>\n<meta property=\"og:type\" content=\"article\" \/>\n<meta property=\"og:title\" content=\"Our achievements - Texstyle - Leader dans l\u2019industrie du v\u00eatement et du textile\" \/>\n<meta property=\"og:description\" content=\"Discover how Groupe Texstyle Canada Inc. helped fashion and textile retailers achieve their goals through customized marketing strategies. We&#039;re proud of the concrete results we&#039;ve achieved for our customers, who have seen their brand awareness and sales increase thanks to our services.\" \/>\n<meta property=\"og:url\" content=\"https:\/\/texstyle.ca\/en\/our-achievements\/\" \/>\n<meta property=\"og:site_name\" content=\"Texstyle - Leader dans l\u2019industrie du v\u00eatement et du textile\" \/>\n<meta property=\"article:modified_time\" content=\"2024-09-30T15:48:33+00:00\" \/>\n<meta name=\"twitter:card\" content=\"summary_large_image\" \/>\n<script type=\"application\/ld+json\" class=\"yoast-schema-graph\">{\"@context\":\"https:\/\/schema.org\",\"@graph\":[{\"@type\":\"WebPage\",\"@id\":\"https:\/\/texstyle.ca\/en\/our-achievements\/\",\"url\":\"https:\/\/texstyle.ca\/en\/our-achievements\/\",\"name\":\"Our achievements - Texstyle - Leader dans l\u2019industrie du v\u00eatement et du textile\",\"isPartOf\":{\"@id\":\"https:\/\/texstyle.ca\/en\/#website\"},\"datePublished\":\"2024-09-27T20:48:38+00:00\",\"dateModified\":\"2024-09-30T15:48:33+00:00\",\"breadcrumb\":{\"@id\":\"https:\/\/texstyle.ca\/en\/our-achievements\/#breadcrumb\"},\"inLanguage\":\"en-US\",\"potentialAction\":[{\"@type\":\"ReadAction\",\"target\":[\"https:\/\/texstyle.ca\/en\/our-achievements\/\"]}]},{\"@type\":\"BreadcrumbList\",\"@id\":\"https:\/\/texstyle.ca\/en\/our-achievements\/#breadcrumb\",\"itemListElement\":[{\"@type\":\"ListItem\",\"position\":1,\"name\":\"Home\",\"item\":\"https:\/\/texstyle.ca\/en\/home\/\"},{\"@type\":\"ListItem\",\"position\":2,\"name\":\"Our achievements\"}]},{\"@type\":\"WebSite\",\"@id\":\"https:\/\/texstyle.ca\/en\/#website\",\"url\":\"https:\/\/texstyle.ca\/en\/\",\"name\":\"Texstyle - Leader dans l\u2019industrie du v\u00eatement et du textile\",\"description\":\"Nous proposons des solutions sur mesure pour aider les d\u00e9taillants \u00e0 renforcer leur pr\u00e9sence sur les r\u00e9seaux sociaux, \u00e0 maximiser leur visibilit\u00e9 en ligne et \u00e0 propulser leurs ventes gr\u00e2ce \u00e0 des strat\u00e9gies innovantes. Nos services incluent la cr\u00e9ation de contenu visuel, les campagnes avec influenceurs, et la gestion de la promotion en magasin. Faites \u00e9quipe avec nous pour atteindre vos objectifs de croissance.\",\"publisher\":{\"@id\":\"https:\/\/texstyle.ca\/en\/#organization\"},\"potentialAction\":[{\"@type\":\"SearchAction\",\"target\":{\"@type\":\"EntryPoint\",\"urlTemplate\":\"https:\/\/texstyle.ca\/en\/?s={search_term_string}\"},\"query-input\":{\"@type\":\"PropertyValueSpecification\",\"valueRequired\":true,\"valueName\":\"search_term_string\"}}],\"inLanguage\":\"en-US\"},{\"@type\":\"Organization\",\"@id\":\"https:\/\/texstyle.ca\/en\/#organization\",\"name\":\"Texstyle - Leader dans l\u2019industrie du v\u00eatement et du textile\",\"url\":\"https:\/\/texstyle.ca\/en\/\",\"logo\":{\"@type\":\"ImageObject\",\"inLanguage\":\"en-US\",\"@id\":\"https:\/\/texstyle.ca\/en\/#\/schema\/logo\/image\/\",\"url\":\"https:\/\/texstyle.ca\/wp-content\/uploads\/2024\/09\/Texstyle-Logo-low-H.jpg\",\"contentUrl\":\"https:\/\/texstyle.ca\/wp-content\/uploads\/2024\/09\/Texstyle-Logo-low-H.jpg\",\"width\":1440,\"height\":1440,\"caption\":\"Texstyle - Leader dans l\u2019industrie du v\u00eatement et du textile\"},\"image\":{\"@id\":\"https:\/\/texstyle.ca\/en\/#\/schema\/logo\/image\/\"}}]}<\/script>\n<!-- \/ Yoast SEO plugin. -->","yoast_head_json":{"title":"Our achievements - Texstyle - Leader dans l\u2019industrie du v\u00eatement et du textile","robots":{"index":"index","follow":"follow","max-snippet":"max-snippet:-1","max-image-preview":"max-image-preview:large","max-video-preview":"max-video-preview:-1"},"canonical":"https:\/\/texstyle.ca\/en\/our-achievements\/","og_locale":"en_US","og_type":"article","og_title":"Our achievements - Texstyle - Leader dans l\u2019industrie du v\u00eatement et du textile","og_description":"Discover how Groupe Texstyle Canada Inc. helped fashion and textile retailers achieve their goals through customized marketing strategies. We're proud of the concrete results we've achieved for our customers, who have seen their brand awareness and sales increase thanks to our services.","og_url":"https:\/\/texstyle.ca\/en\/our-achievements\/","og_site_name":"Texstyle - Leader dans l\u2019industrie du v\u00eatement et du textile","article_modified_time":"2024-09-30T15:48:33+00:00","twitter_card":"summary_large_image","schema":{"@context":"https:\/\/schema.org","@graph":[{"@type":"WebPage","@id":"https:\/\/texstyle.ca\/en\/our-achievements\/","url":"https:\/\/texstyle.ca\/en\/our-achievements\/","name":"Our achievements - Texstyle - Leader dans l\u2019industrie du v\u00eatement et du textile","isPartOf":{"@id":"https:\/\/texstyle.ca\/en\/#website"},"datePublished":"2024-09-27T20:48:38+00:00","dateModified":"2024-09-30T15:48:33+00:00","breadcrumb":{"@id":"https:\/\/texstyle.ca\/en\/our-achievements\/#breadcrumb"},"inLanguage":"en-US","potentialAction":[{"@type":"ReadAction","target":["https:\/\/texstyle.ca\/en\/our-achievements\/"]}]},{"@type":"BreadcrumbList","@id":"https:\/\/texstyle.ca\/en\/our-achievements\/#breadcrumb","itemListElement":[{"@type":"ListItem","position":1,"name":"Home","item":"https:\/\/texstyle.ca\/en\/home\/"},{"@type":"ListItem","position":2,"name":"Our achievements"}]},{"@type":"WebSite","@id":"https:\/\/texstyle.ca\/en\/#website","url":"https:\/\/texstyle.ca\/en\/","name":"Texstyle - Leader dans l\u2019industrie du v\u00eatement et du textile","description":"Nous proposons des solutions sur mesure pour aider les d\u00e9taillants \u00e0 renforcer leur pr\u00e9sence sur les r\u00e9seaux sociaux, \u00e0 maximiser leur visibilit\u00e9 en ligne et \u00e0 propulser leurs ventes gr\u00e2ce \u00e0 des strat\u00e9gies innovantes. Nos services incluent la cr\u00e9ation de contenu visuel, les campagnes avec influenceurs, et la gestion de la promotion en magasin. Faites \u00e9quipe avec nous pour atteindre vos objectifs de croissance.","publisher":{"@id":"https:\/\/texstyle.ca\/en\/#organization"},"potentialAction":[{"@type":"SearchAction","target":{"@type":"EntryPoint","urlTemplate":"https:\/\/texstyle.ca\/en\/?s={search_term_string}"},"query-input":{"@type":"PropertyValueSpecification","valueRequired":true,"valueName":"search_term_string"}}],"inLanguage":"en-US"},{"@type":"Organization","@id":"https:\/\/texstyle.ca\/en\/#organization","name":"Texstyle - Leader dans l\u2019industrie du v\u00eatement et du textile","url":"https:\/\/texstyle.ca\/en\/","logo":{"@type":"ImageObject","inLanguage":"en-US","@id":"https:\/\/texstyle.ca\/en\/#\/schema\/logo\/image\/","url":"https:\/\/texstyle.ca\/wp-content\/uploads\/2024\/09\/Texstyle-Logo-low-H.jpg","contentUrl":"https:\/\/texstyle.ca\/wp-content\/uploads\/2024\/09\/Texstyle-Logo-low-H.jpg","width":1440,"height":1440,"caption":"Texstyle - Leader dans l\u2019industrie du v\u00eatement et du textile"},"image":{"@id":"https:\/\/texstyle.ca\/en\/#\/schema\/logo\/image\/"}}]}},"_links":{"self":[{"href":"https:\/\/texstyle.ca\/en\/wp-json\/wp\/v2\/pages\/215"}],"collection":[{"href":"https:\/\/texstyle.ca\/en\/wp-json\/wp\/v2\/pages"}],"about":[{"href":"https:\/\/texstyle.ca\/en\/wp-json\/wp\/v2\/types\/page"}],"author":[{"embeddable":true,"href":"https:\/\/texstyle.ca\/en\/wp-json\/wp\/v2\/users\/1"}],"replies":[{"embeddable":true,"href":"https:\/\/texstyle.ca\/en\/wp-json\/wp\/v2\/comments?post=215"}],"version-history":[{"count":2,"href":"https:\/\/texstyle.ca\/en\/wp-json\/wp\/v2\/pages\/215\/revisions"}],"predecessor-version":[{"id":221,"href":"https:\/\/texstyle.ca\/en\/wp-json\/wp\/v2\/pages\/215\/revisions\/221"}],"wp:attachment":[{"href":"https:\/\/texstyle.ca\/en\/wp-json\/wp\/v2\/media?parent=215"}],"curies":[{"name":"wp","href":"https:\/\/api.w.org\/{rel}","templated":true}]}}